{"id":193,"date":"2019-09-24T11:58:00","date_gmt":"2019-09-24T09:58:00","guid":{"rendered":"http:\/\/szilagyigarden.ro\/shop\/?post_type=product&#038;p=193"},"modified":"2026-04-02T12:45:47","modified_gmt":"2026-04-02T10:45:47","slug":"teahibrid-caprice","status":"publish","type":"product","link":"http:\/\/szilagyigarden.ro\/shop\/product\/teahibrid-caprice\/","title":{"rendered":"TRANDAFIR TEAHIBRID CAPRICE"},"content":{"rendered":"<p>Perioada de plantare: martie &#8211; mai septembrie. &#8211; noiembrie<\/p>\n<p>Perioada de \u00eenflorire: iunie &#8211; octombrie<\/p>\n<p>Caracteristici culoare: roz ticlam<\/p>\n<p>Parfum: intens<\/p>\n<p>\u00cen\u0103l\u021bimea la maturitate :70-90 cm<\/p>\n<p>Distan\u021ba de plantare :50 cm<\/p>\n<p>Condi\u021bii de lumin\u0103 :soare<\/p>\n<p>Rezisten\u021ba: rezistent la inghet<\/p>\n","protected":false},"excerpt":{"rendered":"<p>Perioada de plantare: martie &#8211; mai septembrie. &#8211; noiembrie Perioada de \u00eenflorire: iunie &#8211; octombrie Caracteristici culoare: roz ticlam Parfum: intens \u00cen\u0103l\u021bimea la maturitate :70-90 cm Distan\u021ba de plantare :50 cm Condi\u021bii de lumin\u0103 :soare Rezisten\u021ba: rezistent la inghet<\/p>\n","protected":false},"featured_media":83351,"template":"","meta":{"pagelayer_contact_templates":[],"_pagelayer_content":""},"product_brand":[],"product_cat":[20,18],"product_tag":[],"class_list":{"0":"post-193","1":"product","2":"type-product","3":"status-publish","4":"has-post-thumbnail","6":"product_cat-teahibrid","7":"product_cat-trandafiri","9":"first","10":"outofstock","11":"sale","12":"shipping-taxable","13":"purchasable","14":"product-type-simple"},"_links":{"self":[{"href":"http:\/\/szilagyigarden.ro\/shop\/wp-json\/wp\/v2\/product\/193","targetHints":{"allow":["GET"]}}],"collection":[{"href":"http:\/\/szilagyigarden.ro\/shop\/wp-json\/wp\/v2\/product"}],"about":[{"href":"http:\/\/szilagyigarden.ro\/shop\/wp-json\/wp\/v2\/types\/product"}],"wp:featuredmedia":[{"embeddable":true,"href":"http:\/\/szilagyigarden.ro\/shop\/wp-json\/wp\/v2\/media\/83351"}],"wp:attachment":[{"href":"http:\/\/szilagyigarden.ro\/shop\/wp-json\/wp\/v2\/media?parent=193"}],"wp:term":[{"taxonomy":"product_brand","embeddable":true,"href":"http:\/\/szilagyigarden.ro\/shop\/wp-json\/wp\/v2\/product_brand?post=193"},{"taxonomy":"product_cat","embeddable":true,"href":"http:\/\/szilagyigarden.ro\/shop\/wp-json\/wp\/v2\/product_cat?post=193"},{"taxonomy":"product_tag","embeddable":true,"href":"http:\/\/szilagyigarden.ro\/shop\/wp-json\/wp\/v2\/product_tag?post=193"}],"curies":[{"name":"wp","href":"https:\/\/api.w.org\/{rel}","templated":true}]}}