{"id":62704,"date":"2024-01-15T11:11:06","date_gmt":"2024-01-15T09:11:06","guid":{"rendered":"https:\/\/szilagyigarden.ro\/shop\/?post_type=product&#038;p=62704"},"modified":"2026-04-09T21:47:54","modified_gmt":"2026-04-09T19:47:54","slug":"mur-thornfree","status":"publish","type":"product","link":"http:\/\/szilagyigarden.ro\/shop\/product\/mur-thornfree\/","title":{"rendered":"Mur Thornfree"},"content":{"rendered":"<p>Mur Thornfree\u00a0denumire stiintifica\u00a0<em>Rubus fruticosus<\/em>, un soi f\u0103r\u0103 spini foarte productiv cu fructul de marime medie-mare,\u00a0culoare negru intens\u00a0la maturitate. Fructele sunt, suculente, cu un gust deosebit de bun, parfumate, dulci, suculente, bogate \u00een arome, ceea ce le recomand\u0103 pentru consumul sub form\u0103 de desert, \u00een stare proasp\u0103t\u0103, dar \u0219i procesate pentru ob\u021binerea gemului, marmeladei, sucurilor sau siropurilor de mure.<\/p>\n<p>Un arbust fructifer deosebit, care merita cu siguranta un loc in gradina dumneavoastra, un soi cu coacere mijlocie recoltarea fructelor are loc de la sfarsitul lunii iulie pana spre sfarsitul lunii septembrie.<\/p>\n<p>Mur Thornfree\u00a0este unul dintre cele mai cunoscute si utilizate soiuri de mur fara tepi de catre cultivatori, datorita:<\/p>\n<p>&#8211; productiei ridicate, poate sa produca pe tufa o cantitate de\u00a0<em>25-30 kg \/ an<\/em><br \/>\n&#8211; rezistentei ridicate la seceta daunatori si boli precum si la inghet pana la\u00a0-25\u00b0C<\/p>\n<p>Fructele au propriet\u0103\u0163i benefice\u00a0asupra organismului uman, au un\u00a0con\u0163inutului ridicat de\u00a0vitamina C.<\/p>\n","protected":false},"excerpt":{"rendered":"<p>Un arbust fructifer deosebit, care merita cu siguranta un loc in gradina dumneavoastra, un soi cu coacere mijlocie recoltarea fructelor are loc de la sfarsitul lunii iulie pana spre sfarsitul lunii septembrie.<\/p>\n","protected":false},"featured_media":62705,"template":"","meta":{"pagelayer_contact_templates":[],"_pagelayer_content":""},"product_brand":[],"product_cat":[43],"product_tag":[],"class_list":{"0":"post-62704","1":"product","2":"type-product","3":"status-publish","4":"has-post-thumbnail","6":"product_cat-mur","8":"first","9":"instock","10":"sale","11":"purchasable","12":"product-type-simple"},"_links":{"self":[{"href":"http:\/\/szilagyigarden.ro\/shop\/wp-json\/wp\/v2\/product\/62704","targetHints":{"allow":["GET"]}}],"collection":[{"href":"http:\/\/szilagyigarden.ro\/shop\/wp-json\/wp\/v2\/product"}],"about":[{"href":"http:\/\/szilagyigarden.ro\/shop\/wp-json\/wp\/v2\/types\/product"}],"wp:featuredmedia":[{"embeddable":true,"href":"http:\/\/szilagyigarden.ro\/shop\/wp-json\/wp\/v2\/media\/62705"}],"wp:attachment":[{"href":"http:\/\/szilagyigarden.ro\/shop\/wp-json\/wp\/v2\/media?parent=62704"}],"wp:term":[{"taxonomy":"product_brand","embeddable":true,"href":"http:\/\/szilagyigarden.ro\/shop\/wp-json\/wp\/v2\/product_brand?post=62704"},{"taxonomy":"product_cat","embeddable":true,"href":"http:\/\/szilagyigarden.ro\/shop\/wp-json\/wp\/v2\/product_cat?post=62704"},{"taxonomy":"product_tag","embeddable":true,"href":"http:\/\/szilagyigarden.ro\/shop\/wp-json\/wp\/v2\/product_tag?post=62704"}],"curies":[{"name":"wp","href":"https:\/\/api.w.org\/{rel}","templated":true}]}}