{"id":83475,"date":"2025-04-05T10:40:19","date_gmt":"2025-04-05T08:40:19","guid":{"rendered":"https:\/\/szilagyigarden.ro\/shop\/?post_type=product&#038;p=83475"},"modified":"2025-07-16T07:37:24","modified_gmt":"2025-07-16T05:37:24","slug":"trandafir-teahibrid-caprice-la-ghiveci-2l","status":"publish","type":"product","link":"http:\/\/szilagyigarden.ro\/shop\/product\/trandafir-teahibrid-caprice-la-ghiveci-2l\/","title":{"rendered":"Trandafir Teahibrid ,Caprice&#8217; la Ghiveci 2l"},"content":{"rendered":"<p>Trandafirul Teahibrid &#8222;Caprice &#8221; la ghiveci de 2 L (anul 2) este o alegere excelenta pentru gradinile care necesita o nota de eleganta si sofisticare. Acest trandafir necesita un sol bine drenat si o expunere la soare complet pentru a prospera. Udarea trebuie sa fie regulata, mentinand solul umed dar fara exces de apa. &#8222;Caprice &#8221; este cunoscut pentru florile sale mari, cu petale de un roz intens si parfum puternic, care infloreste pe parcursul intregului sezon de vara.<\/p>\n<p>Originar din Franta, trandafirul &#8222;Caprice &#8221; este apreciat pentru aspectul sau elegant si durata lunga de inflorire. Este ideal pentru borduri, paturi de flori sau ca planta ornamentala in gradina dumneavoastra. Cu o buna rezistenta la inghet si inflorire multipla, acest trandafir aduce un accent rafinat si durabil spatiului exterior.<\/p>\n<p><strong>Specificatii:<\/strong><\/p>\n<ul>\n<li><strong>Inaltimea la maturitate:<\/strong>\u00a0&lt;150 cm<\/li>\n<li><strong>Perioada de inflorire<\/strong>: Multipla<\/li>\n<li><strong>Rezistenta la inghet<\/strong>: rezistent<\/li>\n<li><strong>Inaltime la Livrare<\/strong>\u00a0: &lt; 30cm<\/li>\n<li><strong>Marimea Ghiveciului<\/strong>\u00a0: 2l<\/li>\n<li><strong>Perioada de Plantare<\/strong>\u00a0: Pe tot parcursul anului<\/li>\n<li><strong>Culoare<\/strong> : Roz<\/li>\n<li><strong>Rezistent la boli<\/strong>\u00a0: Rezistent<\/li>\n<\/ul>\n","protected":false},"excerpt":{"rendered":"<p>Plantele sunt organisme vii care cresc \u0219i se schimb\u0103. Uneori sunt livrate mai mici, ne\u00eenflorite sau abia \u00eenmugurite pentru a rezista mai bine transportului \u0219i pentru a avea o via\u021b\u0103 mai lung\u0103 la tine acas\u0103.<\/p>\n","protected":false},"featured_media":83351,"template":"","meta":{"pagelayer_contact_templates":[],"_pagelayer_content":""},"product_brand":[],"product_cat":[53],"product_tag":[],"class_list":{"0":"post-83475","1":"product","2":"type-product","3":"status-publish","4":"has-post-thumbnail","6":"product_cat-trandafiri-la-ghiveci","8":"first","9":"outofstock","10":"purchasable","11":"product-type-simple"},"_links":{"self":[{"href":"http:\/\/szilagyigarden.ro\/shop\/wp-json\/wp\/v2\/product\/83475","targetHints":{"allow":["GET"]}}],"collection":[{"href":"http:\/\/szilagyigarden.ro\/shop\/wp-json\/wp\/v2\/product"}],"about":[{"href":"http:\/\/szilagyigarden.ro\/shop\/wp-json\/wp\/v2\/types\/product"}],"wp:featuredmedia":[{"embeddable":true,"href":"http:\/\/szilagyigarden.ro\/shop\/wp-json\/wp\/v2\/media\/83351"}],"wp:attachment":[{"href":"http:\/\/szilagyigarden.ro\/shop\/wp-json\/wp\/v2\/media?parent=83475"}],"wp:term":[{"taxonomy":"product_brand","embeddable":true,"href":"http:\/\/szilagyigarden.ro\/shop\/wp-json\/wp\/v2\/product_brand?post=83475"},{"taxonomy":"product_cat","embeddable":true,"href":"http:\/\/szilagyigarden.ro\/shop\/wp-json\/wp\/v2\/product_cat?post=83475"},{"taxonomy":"product_tag","embeddable":true,"href":"http:\/\/szilagyigarden.ro\/shop\/wp-json\/wp\/v2\/product_tag?post=83475"}],"curies":[{"name":"wp","href":"https:\/\/api.w.org\/{rel}","templated":true}]}}