{"id":83529,"date":"2025-04-05T15:19:14","date_gmt":"2025-04-05T13:19:14","guid":{"rendered":"https:\/\/szilagyigarden.ro\/shop\/?post_type=product&#038;p=83529"},"modified":"2025-07-16T07:33:56","modified_gmt":"2025-07-16T05:33:56","slug":"trandafir-teahibrid-alinka-la-ghiveci-2l","status":"publish","type":"product","link":"http:\/\/szilagyigarden.ro\/shop\/product\/trandafir-teahibrid-alinka-la-ghiveci-2l\/","title":{"rendered":"Trandafir Teahibrid ,Alinka&#8217; la Ghiveci 2l"},"content":{"rendered":"<p>Trandafirul Alinka este un arbust viguros \u0219i vertical, care poate cre\u0219te p\u00e2n\u0103 la 1 metri \u00een\u0103l\u021bime \u0219i l\u0103\u021bime. Are frunze lucioase, de culoare verde \u00eenchis, lucioase, lucioase \u0219i spinoase. Este potrivit pentru straturi, borduri, garduri vii sau containere. Tolereaz\u0103 solurile s\u0103race, dar are nevoie de un drenaj bun \u0219i de expunere la soare pentru a avea performan\u021be bune. Necesit\u0103 o t\u0103iere moderat\u0103 \u0219i poate fi \u00eenmul\u021bit\u0103 prin buta\u0219i sau prin \u00eenmugurire. De asemenea, poate fi cultivat ca un alpinist sau ca un trandafir de st\u00e2lp.<\/p>\n<p><strong>Specificatii:<\/strong><\/p>\n<ul>\n<li><strong>Inaltimea la maturitate:<\/strong> &lt;100cm<\/li>\n<li><strong>Perioada de inflorire<\/strong>: Multipla<\/li>\n<li><strong>Rezistenta la inghet<\/strong>: rezistent<\/li>\n<li><strong>Inaltime la Livrare<\/strong> : &lt; 30 cm<\/li>\n<li><strong>Marimea Ghiveciului<\/strong>\u00a0: 2l<\/li>\n<li><strong>Perioada de Plantare<\/strong>\u00a0: Pe tot parcursul anului<\/li>\n<li><strong>Culoare<\/strong> : Portocaliu cu margini roz<\/li>\n<li><strong>Rezistent la boli<\/strong>\u00a0: Rezistent<\/li>\n<\/ul>\n","protected":false},"excerpt":{"rendered":"<p>Plantele sunt organisme vii care cresc \u0219i se schimb\u0103. Uneori sunt livrate mai mici, ne\u00eenflorite sau abia \u00eenmugurite pentru a rezista mai bine transportului \u0219i pentru a avea o via\u021b\u0103 mai lung\u0103 la tine acas\u0103<\/p>\n","protected":false},"featured_media":83314,"template":"","meta":{"pagelayer_contact_templates":[],"_pagelayer_content":""},"product_brand":[],"product_cat":[53],"product_tag":[],"class_list":{"0":"post-83529","1":"product","2":"type-product","3":"status-publish","4":"has-post-thumbnail","6":"product_cat-trandafiri-la-ghiveci","8":"first","9":"outofstock","10":"purchasable","11":"product-type-simple"},"_links":{"self":[{"href":"http:\/\/szilagyigarden.ro\/shop\/wp-json\/wp\/v2\/product\/83529","targetHints":{"allow":["GET"]}}],"collection":[{"href":"http:\/\/szilagyigarden.ro\/shop\/wp-json\/wp\/v2\/product"}],"about":[{"href":"http:\/\/szilagyigarden.ro\/shop\/wp-json\/wp\/v2\/types\/product"}],"wp:featuredmedia":[{"embeddable":true,"href":"http:\/\/szilagyigarden.ro\/shop\/wp-json\/wp\/v2\/media\/83314"}],"wp:attachment":[{"href":"http:\/\/szilagyigarden.ro\/shop\/wp-json\/wp\/v2\/media?parent=83529"}],"wp:term":[{"taxonomy":"product_brand","embeddable":true,"href":"http:\/\/szilagyigarden.ro\/shop\/wp-json\/wp\/v2\/product_brand?post=83529"},{"taxonomy":"product_cat","embeddable":true,"href":"http:\/\/szilagyigarden.ro\/shop\/wp-json\/wp\/v2\/product_cat?post=83529"},{"taxonomy":"product_tag","embeddable":true,"href":"http:\/\/szilagyigarden.ro\/shop\/wp-json\/wp\/v2\/product_tag?post=83529"}],"curies":[{"name":"wp","href":"https:\/\/api.w.org\/{rel}","templated":true}]}}