{"id":83478,"date":"2025-04-05T10:56:08","date_gmt":"2025-04-05T08:56:08","guid":{"rendered":"https:\/\/szilagyigarden.ro\/shop\/?post_type=product&#038;p=83478"},"modified":"2025-07-16T07:36:53","modified_gmt":"2025-07-16T05:36:53","slug":"trandafir-teahibrid-sissi-la-ghiveci-2l","status":"publish","type":"product","link":"https:\/\/szilagyigarden.ro\/shop\/product\/trandafir-teahibrid-sissi-la-ghiveci-2l\/","title":{"rendered":"Trandafir Teahibrid ,Sissi&#8217; la Ghiveci 2l"},"content":{"rendered":"<p>Trandafirul &#8222;Sissi &#8221; la ghiveci de 2 L (anul 2) este o alegere rafinata pentru gradina dumneavoastra, aducand un strop de eleganta si culoare. Acest trandafir prefera un sol bine drenat si o expunere la soare direct pentru a se dezvolta optim. Udarea trebuie sa fie regulata, mentinand solul umed dar nu excesiv de ud. &#8222;Sissi &#8221; se remarca prin florile sale mari, de un violet intens, care infloresc in mod repetat pe parcursul sezonului cald, oferind un parfum puternic si captivant.<\/p>\n<p><strong>Specificatii:<\/strong><\/p>\n<ul>\n<li><strong>Inaltimea la maturitate:<\/strong>\u00a0&lt;150 cm<\/li>\n<li><strong>Perioada de inflorire<\/strong>: Multipla<\/li>\n<li><strong>Rezistenta la inghet<\/strong>: rezistent<\/li>\n<li><strong>Inaltime la Livrare<\/strong>\u00a0: &lt; 30cm<\/li>\n<li><strong>Marimea Ghiveciului<\/strong>\u00a0: 2l<\/li>\n<li><strong>Perioada de Plantare<\/strong>\u00a0: Pe tot parcursul anului<\/li>\n<li><strong>Culoare<\/strong> : Mov<\/li>\n<li><strong>Rezistent la boli<\/strong>\u00a0: Rezistent<\/li>\n<\/ul>\n","protected":false},"excerpt":{"rendered":"<p>Plantele sunt organisme vii care cresc \u0219i se schimb\u0103. Uneori sunt livrate mai mici, ne\u00eenflorite sau abia \u00eenmugurite pentru a rezista mai bine transportului \u0219i pentru a avea o via\u021b\u0103 mai lung\u0103 la tine acas\u0103.<\/p>\n","protected":false},"featured_media":83353,"template":"","meta":{"pagelayer_contact_templates":[],"_pagelayer_content":""},"product_brand":[],"product_cat":[53],"product_tag":[],"class_list":{"0":"post-83478","1":"product","2":"type-product","3":"status-publish","4":"has-post-thumbnail","6":"product_cat-trandafiri-la-ghiveci","8":"first","9":"outofstock","10":"purchasable","11":"product-type-simple"},"_links":{"self":[{"href":"https:\/\/szilagyigarden.ro\/shop\/wp-json\/wp\/v2\/product\/83478","targetHints":{"allow":["GET"]}}],"collection":[{"href":"https:\/\/szilagyigarden.ro\/shop\/wp-json\/wp\/v2\/product"}],"about":[{"href":"https:\/\/szilagyigarden.ro\/shop\/wp-json\/wp\/v2\/types\/product"}],"wp:featuredmedia":[{"embeddable":true,"href":"https:\/\/szilagyigarden.ro\/shop\/wp-json\/wp\/v2\/media\/83353"}],"wp:attachment":[{"href":"https:\/\/szilagyigarden.ro\/shop\/wp-json\/wp\/v2\/media?parent=83478"}],"wp:term":[{"taxonomy":"product_brand","embeddable":true,"href":"https:\/\/szilagyigarden.ro\/shop\/wp-json\/wp\/v2\/product_brand?post=83478"},{"taxonomy":"product_cat","embeddable":true,"href":"https:\/\/szilagyigarden.ro\/shop\/wp-json\/wp\/v2\/product_cat?post=83478"},{"taxonomy":"product_tag","embeddable":true,"href":"https:\/\/szilagyigarden.ro\/shop\/wp-json\/wp\/v2\/product_tag?post=83478"}],"curies":[{"name":"wp","href":"https:\/\/api.w.org\/{rel}","templated":true}]}}