{"id":83530,"date":"2025-04-05T15:55:07","date_gmt":"2025-04-05T13:55:07","guid":{"rendered":"https:\/\/szilagyigarden.ro\/shop\/?post_type=product&#038;p=83530"},"modified":"2025-09-21T20:22:41","modified_gmt":"2025-09-21T18:22:41","slug":"trandafir-teahibrid-peace-la-ghiveci-2l","status":"publish","type":"product","link":"https:\/\/szilagyigarden.ro\/shop\/product\/trandafir-teahibrid-peace-la-ghiveci-2l\/","title":{"rendered":"Trandafir Teahibrid ,Peace&#8217; la Ghiveci 2l"},"content":{"rendered":"<div><em>Trandafirul Teahibrid Peace, <\/em>\u00a0este un soi de trandafir din familia Rosaceae, cunoscut pentru aspectul sau decorativ deosebit. Planta are o forma compacta, fiind ideala pentru gradini, borduri sau ca planta solitara. Florile sunt mari, pline, cu o textura catifelata si un parfum placut.<\/div>\n<div>Trandafirul Peace este un hibrid care se dezvolta dintr-o tulpina sanatoasa, crescand vertical, formand tufe bogate si dese cu ramuri puternice si spini. Frunzele sunt de marime medie, de culoare verde inchis, lucioase, avand o forma asemanatoare unei pene. Florile acestui soi se deschid larg, sunt mari, cu un diametru de aproximativ 12 cm si au o coloratie spectaculoasa in doua nuante: petalele sunt galbene in interior, iar spre margini au un contur rosu-roz.<\/div>\n<div>Acest soi de trandafiri este apreciat pentru aspectul sau bicolor si pentru frumusetea sa unica, adaptandu-se cu usurinta la diverse conditii de mediu din tara noastra. Inflorirea este abundenta pe toata durata sezonului, iar florile sale mari au un parfum intens.<\/div>\n<div>\n<p><strong>Specificatii:<\/strong><\/p>\n<ul>\n<li><strong>Inaltimea la maturitate:<\/strong> &lt;100 cm<\/li>\n<li><strong>Perioada de inflorire<\/strong>: Multipla<\/li>\n<li><strong>Rezistenta la inghet<\/strong>: rezistent<\/li>\n<li><strong>Inaltime la Livrare<\/strong> : &lt; 30 cm<\/li>\n<li><strong>Marimea Ghiveciului<\/strong>\u00a0: 2l<\/li>\n<li><strong>Perioada de Plantare<\/strong>\u00a0: Pe tot parcursul anului<\/li>\n<li><strong>Culoare<\/strong> : Galben ,alb,roz<\/li>\n<li><strong>Rezistent la boli<\/strong>\u00a0: Rezistent<\/li>\n<\/ul>\n<\/div>\n","protected":false},"excerpt":{"rendered":"<p>Plantele sunt organisme vii care cresc \u0219i se schimb\u0103. Uneori sunt livrate mai mici, ne\u00eenflorite sau abia \u00eenmugurite pentru a rezista mai bine transportului \u0219i pentru a avea o via\u021b\u0103 mai lung\u0103 la tine acas\u0103<\/p>\n","protected":false},"featured_media":83307,"template":"","meta":{"pagelayer_contact_templates":[],"_pagelayer_content":""},"product_brand":[],"product_cat":[53],"product_tag":[],"class_list":{"0":"post-83530","1":"product","2":"type-product","3":"status-publish","4":"has-post-thumbnail","6":"product_cat-trandafiri-la-ghiveci","8":"first","9":"outofstock","10":"purchasable","11":"product-type-simple"},"_links":{"self":[{"href":"https:\/\/szilagyigarden.ro\/shop\/wp-json\/wp\/v2\/product\/83530","targetHints":{"allow":["GET"]}}],"collection":[{"href":"https:\/\/szilagyigarden.ro\/shop\/wp-json\/wp\/v2\/product"}],"about":[{"href":"https:\/\/szilagyigarden.ro\/shop\/wp-json\/wp\/v2\/types\/product"}],"wp:featuredmedia":[{"embeddable":true,"href":"https:\/\/szilagyigarden.ro\/shop\/wp-json\/wp\/v2\/media\/83307"}],"wp:attachment":[{"href":"https:\/\/szilagyigarden.ro\/shop\/wp-json\/wp\/v2\/media?parent=83530"}],"wp:term":[{"taxonomy":"product_brand","embeddable":true,"href":"https:\/\/szilagyigarden.ro\/shop\/wp-json\/wp\/v2\/product_brand?post=83530"},{"taxonomy":"product_cat","embeddable":true,"href":"https:\/\/szilagyigarden.ro\/shop\/wp-json\/wp\/v2\/product_cat?post=83530"},{"taxonomy":"product_tag","embeddable":true,"href":"https:\/\/szilagyigarden.ro\/shop\/wp-json\/wp\/v2\/product_tag?post=83530"}],"curies":[{"name":"wp","href":"https:\/\/api.w.org\/{rel}","templated":true}]}}